{"id":60,"date":"2020-06-03T09:25:39","date_gmt":"2020-06-03T09:25:39","guid":{"rendered":"http:\/\/industrey-demo.pbminfotech.com\/demo1\/?page_id=12842"},"modified":"2024-11-15T19:23:19","modified_gmt":"2024-11-15T19:23:19","slug":"kontakt","status":"publish","type":"page","link":"https:\/\/cncexpert.eu\/en\/contact\/","title":{"rendered":"CONTACT"},"content":{"rendered":"<div data-elementor-type=\"wp-page\" data-elementor-id=\"60\" class=\"elementor elementor-60\" data-elementor-post-type=\"page\">\n\t\t\t\t\t\t<section class=\"elementor-section elementor-top-section elementor-element elementor-element-f07879f tstk-col-stretched-none tstk-bg-color-over-image elementor-section-boxed elementor-section-height-default elementor-section-height-default\" data-id=\"f07879f\" data-element_type=\"section\">\n\t\t\t\t\t\t<div class=\"elementor-container elementor-column-gap-no\">\n\t\t\t\t\t<div class=\"elementor-column elementor-col-33 elementor-top-column elementor-element elementor-element-9fa0836 tstk-bg-color-over-image\" data-id=\"9fa0836\" data-element_type=\"column\">\n\t\t\t<div class=\"elementor-widget-wrap elementor-element-populated\">\n\t\t\t\t\t\t<div class=\"elementor-element elementor-element-39bc241 tstk-align-left elementor-widget elementor-widget-tstk_heading\" data-id=\"39bc241\" data-element_type=\"widget\" data-widget_type=\"tstk_heading.default\">\n\t\t\t\t<div class=\"elementor-widget-container\">\n\t\t\t\t\t\t<div class=\"tstk-heading-subheading left-align\"><h2 class=\"tstk-element-title\">\r\n\t\t\t\r\n\t\t\t\tYour satisfaction is important to us. Do not hesitate to contact us.\r\n\t\t\t\r\n\t\t\t<\/h2>\r\n\t\t<\/div>\t\t\t\t<\/div>\n\t\t\t\t<\/div>\n\t\t\t\t\t<\/div>\n\t\t<\/div>\n\t\t\t\t<div class=\"elementor-column elementor-col-66 elementor-top-column elementor-element elementor-element-aad0478 tstk-bg-color-over-image\" data-id=\"aad0478\" data-element_type=\"column\">\n\t\t\t<div class=\"elementor-widget-wrap elementor-element-populated\">\n\t\t\t\t\t\t<div class=\"elementor-element elementor-element-e39754e elementor-widget elementor-widget-text-editor\" data-id=\"e39754e\" data-element_type=\"widget\" data-widget_type=\"text-editor.default\">\n\t\t\t\t<div class=\"elementor-widget-container\">\n\t\t\t\t\t\t\t\t\t<p>In a world full of opportunities, clear communication is the key to achieving common goals. We believe that sharing ideas, information and perspectives is the foundation for successful partnerships. Let's work together on this path of dialogue to achieve success that goes far beyond the ordinary. Your success is our goal, and open communication is the key to getting there.<\/p>\t\t\t\t\t\t\t\t<\/div>\n\t\t\t\t<\/div>\n\t\t\t\t\t<\/div>\n\t\t<\/div>\n\t\t\t\t\t<\/div>\n\t\t<\/section>\n\t\t\t\t<section class=\"elementor-section elementor-top-section elementor-element elementor-element-880706a tstk-col-stretched-right elementor-section-stretched tstk-margin-zero tstk-bg-color-over-image elementor-section-boxed elementor-section-height-default elementor-section-height-default\" data-id=\"880706a\" data-element_type=\"section\" data-settings=\"{&quot;stretch_section&quot;:&quot;section-stretched&quot;}\">\n\t\t\t\t\t\t<div class=\"elementor-container elementor-column-gap-no\">\n\t\t\t\t\t<div class=\"elementor-column elementor-col-33 elementor-top-column elementor-element elementor-element-f82c092 tstk-bg-color-yes tstk-elementor-bg-color-blackish tstk-text-color-white tstk-bg-color-over-image\" data-id=\"f82c092\" data-element_type=\"column\">\n\t\t\t<div class=\"elementor-widget-wrap elementor-element-populated\">\n\t\t\t\t\t\t<div class=\"elementor-element elementor-element-926aeb6 elementor-widget elementor-widget-tstk_icon_heading\" data-id=\"926aeb6\" data-element_type=\"widget\" data-widget_type=\"tstk_icon_heading.default\">\n\t\t\t\t<div class=\"elementor-widget-container\">\n\t\t\t\t\t<div class=\"tstk-ihbox tstk-ihbox-style-9\">\r\n<div class=\"tstk-ihbox-box d-flex align-items-center\">\r\n\t<div class=\"tstk-ihbox-icon\"><div class=\"tstk-ihbox-icon-wrapper\"><i class=\"tstk-industrey-icon tstk-industrey-icon-location\"><\/i><\/div><\/div>\t\r\n\t<div class=\"tstk-ihbox-contents\">\t\r\n\t\t<h2 class=\"tstk-element-title\">\r\n\t\t\t\t\t\r\n\t\t\t\t\t\tOur location\r\n\t\t\t\t\t\r\n\t\t\t\t\t<\/h2>\r\n\t\t\t\t\t\r\n\t\t\t\t<div class=\"tstk-heading-desc\">CNCEXPERT <br>\nKralja Zvonimira 92a <br>\n31325 Novi Ceminac<br>\nKroatien\n<\/div>\t\t\t<\/div><!-- .tstk-ihbox-contents -->\r\n<\/div><\/div>\t\t\t\t<\/div>\n\t\t\t\t<\/div>\n\t\t\t\t<div class=\"elementor-element elementor-element-9301b3b elementor-widget elementor-widget-tstk_icon_heading\" data-id=\"9301b3b\" data-element_type=\"widget\" data-widget_type=\"tstk_icon_heading.default\">\n\t\t\t\t<div class=\"elementor-widget-container\">\n\t\t\t\t\t<div class=\"tstk-ihbox tstk-ihbox-style-9\">\r\n<div class=\"tstk-ihbox-box d-flex align-items-center\">\r\n\t<div class=\"tstk-ihbox-icon\"><div class=\"tstk-ihbox-icon-wrapper\"><i class=\"tstk-industrey-icon tstk-industrey-icon-telephone\"><\/i><\/div><\/div>\t\r\n\t<div class=\"tstk-ihbox-contents\">\t\r\n\t\t<h2 class=\"tstk-element-title\">\r\n\t\t\t\t\t\r\n\t\t\t\t\t\tPhone number\r\n\t\t\t\t\t\r\n\t\t\t\t\t<\/h2>\r\n\t\t\t\t\t\r\n\t\t\t\t<div class=\"tstk-heading-desc\">+41435400267<\/div>\t\t\t<\/div><!-- .tstk-ihbox-contents -->\r\n<\/div><\/div>\t\t\t\t<\/div>\n\t\t\t\t<\/div>\n\t\t\t\t<div class=\"elementor-element elementor-element-9001bf5 elementor-widget elementor-widget-tstk_icon_heading\" data-id=\"9001bf5\" data-element_type=\"widget\" data-widget_type=\"tstk_icon_heading.default\">\n\t\t\t\t<div class=\"elementor-widget-container\">\n\t\t\t\t\t<div class=\"tstk-ihbox tstk-ihbox-style-9\">\r\n<div class=\"tstk-ihbox-box d-flex align-items-center\">\r\n\t<div class=\"tstk-ihbox-icon\"><div class=\"tstk-ihbox-icon-wrapper\"><i class=\"tstk-industrey-icon tstk-industrey-icon-email\"><\/i><\/div><\/div>\t\r\n\t<div class=\"tstk-ihbox-contents\">\t\r\n\t\t<h2 class=\"tstk-element-title\">\r\n\t\t\t\t\t\r\n\t\t\t\t\t\tEmail address\r\n\t\t\t\t\t\r\n\t\t\t\t\t<\/h2>\r\n\t\t\t\t\t\r\n\t\t\t\t<div class=\"tstk-heading-desc\">info@cncexpert.eu<\/div>\t\t\t<\/div><!-- .tstk-ihbox-contents -->\r\n<\/div><\/div>\t\t\t\t<\/div>\n\t\t\t\t<\/div>\n\t\t\t\t\t<\/div>\n\t\t<\/div>\n\t\t\t\t<div class=\"elementor-column elementor-col-66 elementor-top-column elementor-element elementor-element-dcdf295 tstk-bg-color-yes tstk-elementor-bg-color-light tstk-bg-image-over-color\" data-id=\"dcdf295\" data-element_type=\"column\" data-settings=\"{&quot;background_background&quot;:&quot;classic&quot;}\">\n\t\t\t<div class=\"elementor-widget-wrap elementor-element-populated\">\n\t\t\t\t\t\t<div class=\"elementor-element elementor-element-cf2f0d3 elementor-widget elementor-widget-shortcode\" data-id=\"cf2f0d3\" data-element_type=\"widget\" data-widget_type=\"shortcode.default\">\n\t\t\t\t<div class=\"elementor-widget-container\">\n\t\t\t\t\t\t\t<div class=\"elementor-shortcode\">\n<div class=\"wpcf7 no-js\" id=\"wpcf7-f40-o1\" lang=\"en-US\" dir=\"ltr\" data-wpcf7-id=\"40\">\n<div class=\"screen-reader-response\"><p role=\"status\" aria-live=\"polite\" aria-atomic=\"true\"><\/p> <ul><\/ul><\/div>\n<form action=\"\/en\/wp-json\/wp\/v2\/pages\/60#wpcf7-f40-o1\" method=\"post\" class=\"wpcf7-form init\" aria-label=\"Contact form\" novalidate=\"novalidate\" data-status=\"init\" data-trp-original-action=\"\/en\/wp-json\/wp\/v2\/pages\/60#wpcf7-f40-o1\">\n<fieldset class=\"hidden-fields-container\"><input type=\"hidden\" name=\"_wpcf7\" value=\"40\" \/><input type=\"hidden\" name=\"_wpcf7_version\" value=\"6.1.5\" \/><input type=\"hidden\" name=\"_wpcf7_locale\" value=\"en_US\" \/><input type=\"hidden\" name=\"_wpcf7_unit_tag\" value=\"wpcf7-f40-o1\" \/><input type=\"hidden\" name=\"_wpcf7_container_post\" value=\"0\" \/><input type=\"hidden\" name=\"_wpcf7_posted_data_hash\" value=\"\" \/>\n<\/fieldset>\n<div class=\"main-form tstk-form-style-2\">\n\t<div class=\"row\">\n\t\t<div class=\"col-sm-6\">\n\t\t\t<div class=\"input-group\">\n\t\t\t\t<p><span class=\"wpcf7-form-control-wrap\" data-name=\"your-name\"><input size=\"40\" maxlength=\"400\" class=\"wpcf7-form-control wpcf7-text\" aria-invalid=\"false\" placeholder=\"Your name\" value=\"\" type=\"text\" name=\"your-name\" \/><\/span>\n\t\t\t\t<\/p>\n\t\t\t<\/div>\n\t\t<\/div>\n\t\t<div class=\"col-sm-6\">\n\t\t\t<div class=\"input-group\">\n\t\t\t\t<p><span class=\"wpcf7-form-control-wrap\" data-name=\"your-email\"><input size=\"40\" maxlength=\"400\" class=\"wpcf7-form-control wpcf7-email wpcf7-validates-as-required wpcf7-text wpcf7-validates-as-email\" aria-required=\"true\" aria-invalid=\"false\" placeholder=\"Your email address\" value=\"\" type=\"email\" name=\"your-email\" \/><\/span>\n\t\t\t\t<\/p>\n\t\t\t<\/div>\n\t\t<\/div>\n\t\t<div class=\"col-sm-12\">\n\t\t\t<div class=\"input-group\">\n\t\t\t\t<p><span class=\"wpcf7-form-control-wrap\" data-name=\"your-subject\"><input size=\"40\" maxlength=\"400\" class=\"wpcf7-form-control wpcf7-text\" aria-invalid=\"false\" placeholder=\"Your phone number\" value=\"\" type=\"text\" name=\"your-subject\" \/><\/span>\n\t\t\t\t<\/p>\n\t\t\t<\/div>\n\t\t<\/div>\n\t\t<div class=\"col-sm-12\">\n\t\t\t<div class=\"input-group\">\n\t\t\t\t<p><span class=\"wpcf7-form-control-wrap\" data-name=\"message\"><textarea cols=\"40\" rows=\"5\" maxlength=\"2000\" class=\"wpcf7-form-control wpcf7-textarea\" aria-invalid=\"false\" placeholder=\"Message\" name=\"message\"><\/textarea><\/span>\n\t\t\t\t<\/p>\n\t\t\t<\/div>\n\t\t<\/div>\n\t\t<div class=\"col-lg-6 col-md-12\">\n\t\t\t<div class=\"input-group input-button\">\n\t\t\t\t<p><button id='submit' class='wpcf7-form-control wpcf7-submit'><span>Send message<\/span><\/button>\n\t\t\t\t<\/p>\n\t\t\t<\/div>\n\t\t<\/div>\n\t<\/div>\n<\/div><p style=\"display: none !important;\" class=\"akismet-fields-container\" data-prefix=\"_wpcf7_ak_\"><label>&#916;<textarea name=\"_wpcf7_ak_hp_textarea\" cols=\"45\" rows=\"8\" maxlength=\"100\"><\/textarea><\/label><input type=\"hidden\" id=\"ak_js_1\" name=\"_wpcf7_ak_js\" value=\"172\"\/><script>document.getElementById( \"ak_js_1\" ).setAttribute( \"value\", ( new Date() ).getTime() );<\/script><\/p><div class=\"wpcf7-response-output\" aria-hidden=\"true\"><\/div>\n<input type=\"hidden\" name=\"trp-form-language\" value=\"en\"\/><\/form>\n<\/div>\n<\/div>\n\t\t\t\t\t\t<\/div>\n\t\t\t\t<\/div>\n\t\t\t\t\t<\/div>\n\t\t<\/div>\n\t\t\t\t\t<\/div>\n\t\t<\/section>\n\t\t\t\t<\/div>","protected":false},"excerpt":{"rendered":"<p>Ihre Zufriedenheit ist uns wichtig. Z\u00f6gern Sie nicht, uns zu kontaktieren. In einer Welt voller M\u00f6glichkeiten ist eine klare Kommunikation der Schl\u00fcssel, um gemeinsame Ziele zu erreichen. Wir glauben daran, dass der Austausch von Ideen, Informationen und Perspektiven die Grundlage f\u00fcr erfolgreiche Partnerschaften bildet. Lassen Sie uns auf diesem Weg des Dialogs zusammenarbeiten, um Erfolge zu erreichen, die weit \u00fcber das Gew\u00f6hnliche hinausgehen. Ihr Erfolg ist unser Ziel, und eine[&hellip;]<\/p>","protected":false},"author":1,"featured_media":0,"parent":0,"menu_order":14,"comment_status":"closed","ping_status":"closed","template":"","meta":{"_acf_changed":false,"_monsterinsights_skip_tracking":false,"_monsterinsights_sitenote_active":false,"_monsterinsights_sitenote_note":"","_monsterinsights_sitenote_category":0,"footnotes":""},"class_list":["post-60","page","type-page","status-publish","hentry"],"acf":[],"_links":{"self":[{"href":"https:\/\/cncexpert.eu\/en\/wp-json\/wp\/v2\/pages\/60","targetHints":{"allow":["GET"]}}],"collection":[{"href":"https:\/\/cncexpert.eu\/en\/wp-json\/wp\/v2\/pages"}],"about":[{"href":"https:\/\/cncexpert.eu\/en\/wp-json\/wp\/v2\/types\/page"}],"author":[{"embeddable":true,"href":"https:\/\/cncexpert.eu\/en\/wp-json\/wp\/v2\/users\/1"}],"replies":[{"embeddable":true,"href":"https:\/\/cncexpert.eu\/en\/wp-json\/wp\/v2\/comments?post=60"}],"version-history":[{"count":55,"href":"https:\/\/cncexpert.eu\/en\/wp-json\/wp\/v2\/pages\/60\/revisions"}],"predecessor-version":[{"id":981,"href":"https:\/\/cncexpert.eu\/en\/wp-json\/wp\/v2\/pages\/60\/revisions\/981"}],"wp:attachment":[{"href":"https:\/\/cncexpert.eu\/en\/wp-json\/wp\/v2\/media?parent=60"}],"curies":[{"name":"wp","href":"https:\/\/api.w.org\/{rel}","templated":true}]}}