{"id":55,"date":"2020-08-12T05:16:40","date_gmt":"2020-08-12T05:16:40","guid":{"rendered":"http:\/\/industrey-demo.pbminfotech.com\/?page_id=14985"},"modified":"2023-08-13T21:23:11","modified_gmt":"2023-08-13T21:23:11","slug":"dienstleistungen","status":"publish","type":"page","link":"https:\/\/cncexpert.eu\/hr\/usluge\/","title":{"rendered":"Usluge"},"content":{"rendered":"<div data-elementor-type=\"wp-page\" data-elementor-id=\"55\" class=\"elementor elementor-55\" data-elementor-post-type=\"page\">\n\t\t\t\t\t\t<div class=\"elementor-section elementor-top-section elementor-element elementor-element-e00fb33 tstk-bg-color-yes tstk-elementor-bg-color-white tstk-col-stretched-none tstk-bg-color-over-image elementor-section-boxed elementor-section-height-default elementor-section-height-default\" data-id=\"e00fb33\" data-element_type=\"section\">\n\t\t\t\t\t\t<div class=\"elementor-container elementor-column-gap-no\">\n\t\t\t\t\t<div class=\"elementor-column elementor-col-100 elementor-top-column elementor-element elementor-element-96a4b33 tstk-bg-color-over-image\" data-id=\"96a4b33\" data-element_type=\"column\">\n\t\t\t<div class=\"elementor-widget-wrap elementor-element-populated\">\n\t\t\t\t\t\t<div class=\"elementor-element elementor-element-e7c5c52 tstk-align-left elementor-widget elementor-widget-tstk_service_element\" data-id=\"e7c5c52\" data-element_type=\"widget\" data-widget_type=\"tstk_service_element.default\">\n\t\t\t\t<div class=\"elementor-widget-container\">\n\t\t\t\t\t\r\n\t\t<div class=\"themestek-element themestek-element-service tstk-element-service-style-1 themestek-element-viewtype-row-column themestek-gap-30px tstk-infinite-scroll-no tstk-infinite-scroll-button-no\" data-cpt=\"service\" data-totalpagination=\"1\" data-style=\"1\" data-show=\"9\" data-columns=\"3\" data-loop=\"false\" data-autoplay=\"false\" data-center=\"false\" data-nav=\"false\" data-dots=\"false\" data-autoplayspeed=\"1000\" data-lasthalf=\"false\" data-margin=\"30px\"><div class=\"themestek-element-inner\"><div class=\"tstk-infinite-scroll-data\">{\"cpt\":\"service\",\"style\":\"1\",\"columns\":\"3\",\"show\":9,\"order\":\"DESC\",\"orderby\":\"DESC\"}<\/div>\r\n\t\t\t\r\n\t\t\t\t\t\t\t<div class=\"tstk-ele-header-area\">\r\n\t\t\t\t\t\t<div class=\"tstk-heading-subheading left-align\"><\/div>\t\t\t\t<\/div>\r\n\r\n\t\t\t\r\n\t\t\t\r\n\t\t\t<div class=\"tstk-element-posts-wrapper row multi-columns-row\">\r\n\r\n\t\t\t<article class=\"tstk-ele tstk-ele-service tstk-service-style-1 col-md-4 herstellung\">\t<div class=\"themestek-post-item\">\n\t\t<div class=\"tstk-service-img-wrapper\">\t\t\t  \n\t\t\t<div class=\"tstk-featured-wrapper\"><a href=\"https:\/\/cncexpert.eu\/hr\/dienstleistung\/zavrsna-obrada-metala-cleaning-finish\/\"><img fetchpriority=\"high\" decoding=\"async\" width=\"770\" height=\"550\" src=\"https:\/\/cncexpert.eu\/wp-content\/uploads\/2023\/08\/screw-1924173_1280-770x550.jpg\" class=\"attachment-tstk-img-770x550 size-tstk-img-770x550 wp-post-image\" alt=\"screw 1924173 1280\" \/><\/a><\/div>\t\t<\/div>\t\n\t\t<div class=\"themestek-box-content\">\n\t\t\t<div class=\"themestek-box-content-inner\">\n\t\t\t\t<div class=\"d-flex justify-content-between align-items-center\">\t\t\t\t\n\t\t\t\t\t<h3 class=\"tstk-service-title\"><a href=\"https:\/\/cncexpert.eu\/hr\/dienstleistung\/zavrsna-obrada-metala-cleaning-finish\/\">Zavr\u0161na obrada metala \/ \u010di\u0161\u0107enje \/ zavr\u0161na obrada<\/a><\/h3> \n\t\t\t\t\t<div class=\"tstk-service-icon-wrapper\">\t\n\t\t\t\t\t\t<i class=\"tstk-industrey-icon tstk-industrey-icon-drilling-rig\"><\/i>\t\t\t\t\t<\/div>\n\t\t\t\t<\/div>\n\t\t\t\t\t\t\t\t<div class=\"tstk-service-content\"><p>Zavr\u0161na i zavr\u0161na provjera za isporuku samo savr\u0161enih dijelova na\u0161im kupcima...<\/p>\n<\/div>\n\t\t\t\t \n\t\t\t\t<div class=\"tstk-service-btn\"> \n\t\t\t\t<a class=\"btn-arrow\" href=\"https:\/\/cncexpert.eu\/hr\/dienstleistung\/zavrsna-obrada-metala-cleaning-finish\/\"><span>Weiter lesen<\/span><\/a>\n\t\t\t\t<\/div>\n\t\t\t<\/div>\n\t\t<\/div>\n\t<\/div><\/article><article class=\"tstk-ele tstk-ele-service tstk-service-style-1 col-md-4 herstellung\">\t<div class=\"themestek-post-item\">\n\t\t<div class=\"tstk-service-img-wrapper\">\t\t\t  \n\t\t\t<div class=\"tstk-featured-wrapper\"><a href=\"https:\/\/cncexpert.eu\/hr\/dienstleistung\/montaza-komponenti\/\"><img decoding=\"async\" width=\"770\" height=\"550\" src=\"https:\/\/cncexpert.eu\/wp-content\/uploads\/2023\/08\/Festo_Mikron_MaskProduction-770x550.jpg\" class=\"attachment-tstk-img-770x550 size-tstk-img-770x550 wp-post-image\" alt=\"Festo Mikron MaskProduction\" \/><\/a><\/div>\t\t<\/div>\t\n\t\t<div class=\"themestek-box-content\">\n\t\t\t<div class=\"themestek-box-content-inner\">\n\t\t\t\t<div class=\"d-flex justify-content-between align-items-center\">\t\t\t\t\n\t\t\t\t\t<h3 class=\"tstk-service-title\"><a href=\"https:\/\/cncexpert.eu\/hr\/dienstleistung\/montaza-komponenti\/\">Sastavljanje sklopova<\/a><\/h3> \n\t\t\t\t\t<div class=\"tstk-service-icon-wrapper\">\t\n\t\t\t\t\t\t<i class=\"tstk-industrey-icon tstk-industrey-icon-drilling-rig\"><\/i>\t\t\t\t\t<\/div>\n\t\t\t\t<\/div>\n\t\t\t\t\t\t\t\t<div class=\"tstk-service-content\"><p>Sastavljamo sklopove, provjeravamo ih i logiramo prema specifikacijama kupaca...<\/p>\n<\/div>\n\t\t\t\t \n\t\t\t\t<div class=\"tstk-service-btn\"> \n\t\t\t\t<a class=\"btn-arrow\" href=\"https:\/\/cncexpert.eu\/hr\/dienstleistung\/montaza-komponenti\/\"><span>Weiter lesen<\/span><\/a>\n\t\t\t\t<\/div>\n\t\t\t<\/div>\n\t\t<\/div>\n\t<\/div><\/article><article class=\"tstk-ele tstk-ele-service tstk-service-style-1 col-md-4 herstellung\">\t<div class=\"themestek-post-item\">\n\t\t<div class=\"tstk-service-img-wrapper\">\t\t\t  \n\t\t\t<div class=\"tstk-featured-wrapper\"><a href=\"https:\/\/cncexpert.eu\/hr\/dienstleistung\/brusenje-bez-centra\/\"><img decoding=\"async\" width=\"604\" height=\"550\" src=\"https:\/\/cncexpert.eu\/wp-content\/uploads\/2023\/08\/Centerless-Schleifen-604x550.png\" class=\"attachment-tstk-img-770x550 size-tstk-img-770x550 wp-post-image\" alt=\"Bru\u0161enje bez centra\" srcset=\"https:\/\/cncexpert.eu\/wp-content\/uploads\/2023\/08\/Centerless-Schleifen-604x550.png 604w, https:\/\/cncexpert.eu\/wp-content\/uploads\/2023\/08\/Centerless-Schleifen-13x12.png 13w\" sizes=\"(max-width: 604px) 100vw, 604px\" \/><\/a><\/div>\t\t<\/div>\t\n\t\t<div class=\"themestek-box-content\">\n\t\t\t<div class=\"themestek-box-content-inner\">\n\t\t\t\t<div class=\"d-flex justify-content-between align-items-center\">\t\t\t\t\n\t\t\t\t\t<h3 class=\"tstk-service-title\"><a href=\"https:\/\/cncexpert.eu\/hr\/dienstleistung\/brusenje-bez-centra\/\">Bru\u0161enje bez centra<\/a><\/h3> \n\t\t\t\t\t<div class=\"tstk-service-icon-wrapper\">\t\n\t\t\t\t\t\t<i class=\"tstk-industrey-icon tstk-industrey-icon-drilling-rig\"><\/i>\t\t\t\t\t<\/div>\n\t\t\t\t<\/div>\n\t\t\t\t\t\t\t\t<div class=\"tstk-service-content\"><p>Serijsko bru\u0161enje klinova, osovina i kaljenih okruglih dijelova bez centra...<\/p>\n<\/div>\n\t\t\t\t \n\t\t\t\t<div class=\"tstk-service-btn\"> \n\t\t\t\t<a class=\"btn-arrow\" href=\"https:\/\/cncexpert.eu\/hr\/dienstleistung\/brusenje-bez-centra\/\"><span>Weiter lesen<\/span><\/a>\n\t\t\t\t<\/div>\n\t\t\t<\/div>\n\t\t<\/div>\n\t<\/div><\/article><article class=\"tstk-ele tstk-ele-service tstk-service-style-1 col-md-4 herstellung\">\t<div class=\"themestek-post-item\">\n\t\t<div class=\"tstk-service-img-wrapper\">\t\t\t  \n\t\t\t<div class=\"tstk-featured-wrapper\"><a href=\"https:\/\/cncexpert.eu\/hr\/dienstleistung\/ravno-brusenje\/\"><img loading=\"lazy\" decoding=\"async\" width=\"770\" height=\"550\" src=\"https:\/\/cncexpert.eu\/wp-content\/uploads\/2023\/08\/flach-schleifen-1-770x550.jpg\" class=\"attachment-tstk-img-770x550 size-tstk-img-770x550 wp-post-image\" alt=\"flach schleifen 1\" \/><\/a><\/div>\t\t<\/div>\t\n\t\t<div class=\"themestek-box-content\">\n\t\t\t<div class=\"themestek-box-content-inner\">\n\t\t\t\t<div class=\"d-flex justify-content-between align-items-center\">\t\t\t\t\n\t\t\t\t\t<h3 class=\"tstk-service-title\"><a href=\"https:\/\/cncexpert.eu\/hr\/dienstleistung\/ravno-brusenje\/\">Ravno bru\u0161enje<\/a><\/h3> \n\t\t\t\t\t<div class=\"tstk-service-icon-wrapper\">\t\n\t\t\t\t\t\t<i class=\"tstk-industrey-icon tstk-industrey-icon-drilling-rig\"><\/i>\t\t\t\t\t<\/div>\n\t\t\t\t<\/div>\n\t\t\t\t\t\t\t\t<div class=\"tstk-service-content\"><p>Savr\u0161ena ravnost i povr\u0161ina za pojedina\u010dne dijelove ili serije..<\/p>\n<\/div>\n\t\t\t\t \n\t\t\t\t<div class=\"tstk-service-btn\"> \n\t\t\t\t<a class=\"btn-arrow\" href=\"https:\/\/cncexpert.eu\/hr\/dienstleistung\/ravno-brusenje\/\"><span>Weiter lesen<\/span><\/a>\n\t\t\t\t<\/div>\n\t\t\t<\/div>\n\t\t<\/div>\n\t<\/div><\/article><article class=\"tstk-ele tstk-ele-service tstk-service-style-1 col-md-4 herstellung\">\t<div class=\"themestek-post-item\">\n\t\t<div class=\"tstk-service-img-wrapper\">\t\t\t  \n\t\t\t<div class=\"tstk-featured-wrapper\"><a href=\"https:\/\/cncexpert.eu\/hr\/dienstleistung\/okruglo-brusenje\/\"><img loading=\"lazy\" decoding=\"async\" width=\"770\" height=\"550\" src=\"https:\/\/cncexpert.eu\/wp-content\/uploads\/2023\/08\/rundschleifen-1-770x550.jpg\" class=\"attachment-tstk-img-770x550 size-tstk-img-770x550 wp-post-image\" alt=\"rundschleifen 1\" \/><\/a><\/div>\t\t<\/div>\t\n\t\t<div class=\"themestek-box-content\">\n\t\t\t<div class=\"themestek-box-content-inner\">\n\t\t\t\t<div class=\"d-flex justify-content-between align-items-center\">\t\t\t\t\n\t\t\t\t\t<h3 class=\"tstk-service-title\"><a href=\"https:\/\/cncexpert.eu\/hr\/dienstleistung\/okruglo-brusenje\/\">Cilindri\u010dno bru\u0161enje<\/a><\/h3> \n\t\t\t\t\t<div class=\"tstk-service-icon-wrapper\">\t\n\t\t\t\t\t\t<i class=\"tstk-industrey-icon tstk-industrey-icon-drilling-rig\"><\/i>\t\t\t\t\t<\/div>\n\t\t\t\t<\/div>\n\t\t\t\t\t\t\t\t<div class=\"tstk-service-content\"><p>Vanjsko i unutarnje cilindri\u010dno bru\u0161enje pojedina\u010dnih ili serijskih dijelova visoke preciznosti....<\/p>\n<\/div>\n\t\t\t\t \n\t\t\t\t<div class=\"tstk-service-btn\"> \n\t\t\t\t<a class=\"btn-arrow\" href=\"https:\/\/cncexpert.eu\/hr\/dienstleistung\/okruglo-brusenje\/\"><span>Weiter lesen<\/span><\/a>\n\t\t\t\t<\/div>\n\t\t\t<\/div>\n\t\t<\/div>\n\t<\/div><\/article><article class=\"tstk-ele tstk-ele-service tstk-service-style-1 col-md-4 herstellung\">\t<div class=\"themestek-post-item\">\n\t\t<div class=\"tstk-service-img-wrapper\">\t\t\t  \n\t\t\t<div class=\"tstk-featured-wrapper\"><a href=\"https:\/\/cncexpert.eu\/hr\/dienstleistung\/erodiranje\/\"><img loading=\"lazy\" decoding=\"async\" width=\"770\" height=\"550\" src=\"https:\/\/cncexpert.eu\/wp-content\/uploads\/2023\/08\/drahterodieren-770x550.jpg\" class=\"attachment-tstk-img-770x550 size-tstk-img-770x550 wp-post-image\" alt=\"drahterodieren\" \/><\/a><\/div>\t\t<\/div>\t\n\t\t<div class=\"themestek-box-content\">\n\t\t\t<div class=\"themestek-box-content-inner\">\n\t\t\t\t<div class=\"d-flex justify-content-between align-items-center\">\t\t\t\t\n\t\t\t\t\t<h3 class=\"tstk-service-title\"><a href=\"https:\/\/cncexpert.eu\/hr\/dienstleistung\/erodiranje\/\">Erodiranje<\/a><\/h3> \n\t\t\t\t\t<div class=\"tstk-service-icon-wrapper\">\t\n\t\t\t\t\t\t<i class=\"tstk-industrey-icon tstk-industrey-icon-drilling-rig\"><\/i>\t\t\t\t\t<\/div>\n\t\t\t\t<\/div>\n\t\t\t\t\t\t\t\t<div class=\"tstk-service-content\"><p>Erozija posebnih oblika i materijala koji se te\u0161ko obra\u0111uju.<\/p>\n<\/div>\n\t\t\t\t \n\t\t\t\t<div class=\"tstk-service-btn\"> \n\t\t\t\t<a class=\"btn-arrow\" href=\"https:\/\/cncexpert.eu\/hr\/dienstleistung\/erodiranje\/\"><span>Weiter lesen<\/span><\/a>\n\t\t\t\t<\/div>\n\t\t\t<\/div>\n\t\t<\/div>\n\t<\/div><\/article><article class=\"tstk-ele tstk-ele-service tstk-service-style-1 col-md-4 herstellung\">\t<div class=\"themestek-post-item\">\n\t\t<div class=\"tstk-service-img-wrapper\">\t\t\t  \n\t\t\t<div class=\"tstk-featured-wrapper\"><a href=\"https:\/\/cncexpert.eu\/hr\/dienstleistung\/cnc-dugo-tokarenje\/\"><img loading=\"lazy\" decoding=\"async\" width=\"770\" height=\"550\" src=\"https:\/\/cncexpert.eu\/wp-content\/uploads\/2023\/08\/langdrehen-770x550.jpg\" class=\"attachment-tstk-img-770x550 size-tstk-img-770x550 wp-post-image\" alt=\"langdrehen\" \/><\/a><\/div>\t\t<\/div>\t\n\t\t<div class=\"themestek-box-content\">\n\t\t\t<div class=\"themestek-box-content-inner\">\n\t\t\t\t<div class=\"d-flex justify-content-between align-items-center\">\t\t\t\t\n\t\t\t\t\t<h3 class=\"tstk-service-title\"><a href=\"https:\/\/cncexpert.eu\/hr\/dienstleistung\/cnc-dugo-tokarenje\/\">CNC dugo tokarenje<\/a><\/h3> \n\t\t\t\t\t<div class=\"tstk-service-icon-wrapper\">\t\n\t\t\t\t\t\t<i class=\"tstk-industrey-icon tstk-industrey-icon-drilling-rig\"><\/i>\t\t\t\t\t<\/div>\n\t\t\t\t<\/div>\n\t\t\t\t\t\t\t\t<div class=\"tstk-service-content\"><p>Tokarenje velikih serija u kombinaciji s na\u0161im Kanban sustavom...<\/p>\n<\/div>\n\t\t\t\t \n\t\t\t\t<div class=\"tstk-service-btn\"> \n\t\t\t\t<a class=\"btn-arrow\" href=\"https:\/\/cncexpert.eu\/hr\/dienstleistung\/cnc-dugo-tokarenje\/\"><span>Weiter lesen<\/span><\/a>\n\t\t\t\t<\/div>\n\t\t\t<\/div>\n\t\t<\/div>\n\t<\/div><\/article><article class=\"tstk-ele tstk-ele-service tstk-service-style-1 col-md-4 herstellung\">\t<div class=\"themestek-post-item\">\n\t\t<div class=\"tstk-service-img-wrapper\">\t\t\t  \n\t\t\t<div class=\"tstk-featured-wrapper\"><a href=\"https:\/\/cncexpert.eu\/hr\/dienstleistung\/cnc-glodanje\/\"><img loading=\"lazy\" decoding=\"async\" width=\"770\" height=\"550\" src=\"https:\/\/cncexpert.eu\/wp-content\/uploads\/2023\/08\/cnc-fraesen-770x550.jpg\" class=\"attachment-tstk-img-770x550 size-tstk-img-770x550 wp-post-image\" alt=\"cnc fraesen\" \/><\/a><\/div>\t\t<\/div>\t\n\t\t<div class=\"themestek-box-content\">\n\t\t\t<div class=\"themestek-box-content-inner\">\n\t\t\t\t<div class=\"d-flex justify-content-between align-items-center\">\t\t\t\t\n\t\t\t\t\t<h3 class=\"tstk-service-title\"><a href=\"https:\/\/cncexpert.eu\/hr\/dienstleistung\/cnc-glodanje\/\">CNC glodanje<\/a><\/h3> \n\t\t\t\t\t<div class=\"tstk-service-icon-wrapper\">\t\n\t\t\t\t\t\t<i class=\"tstk-industrey-icon tstk-industrey-icon-drilling-rig\"><\/i>\t\t\t\t\t<\/div>\n\t\t\t\t<\/div>\n\t\t\t\t\t\t\t\t<div class=\"tstk-service-content\"><p>Glodani dijelovi savr\u0161ene kvalitete za na\u0161e kupce. Pojedina\u010dni dijelovi ili serije..<\/p>\n<\/div>\n\t\t\t\t \n\t\t\t\t<div class=\"tstk-service-btn\"> \n\t\t\t\t<a class=\"btn-arrow\" href=\"https:\/\/cncexpert.eu\/hr\/dienstleistung\/cnc-glodanje\/\"><span>Weiter lesen<\/span><\/a>\n\t\t\t\t<\/div>\n\t\t\t<\/div>\n\t\t<\/div>\n\t<\/div><\/article><article class=\"tstk-ele tstk-ele-service tstk-service-style-1 col-md-4 herstellung\">\t<div class=\"themestek-post-item\">\n\t\t<div class=\"tstk-service-img-wrapper\">\t\t\t  \n\t\t\t<div class=\"tstk-featured-wrapper\"><a href=\"https:\/\/cncexpert.eu\/hr\/dienstleistung\/cnc-tokarenje\/\"><img loading=\"lazy\" decoding=\"async\" width=\"770\" height=\"550\" src=\"https:\/\/cncexpert.eu\/wp-content\/uploads\/2023\/08\/cnc-drehen-1-770x550.jpg\" class=\"attachment-tstk-img-770x550 size-tstk-img-770x550 wp-post-image\" alt=\"cnc drehen 1\" \/><\/a><\/div>\t\t<\/div>\t\n\t\t<div class=\"themestek-box-content\">\n\t\t\t<div class=\"themestek-box-content-inner\">\n\t\t\t\t<div class=\"d-flex justify-content-between align-items-center\">\t\t\t\t\n\t\t\t\t\t<h3 class=\"tstk-service-title\"><a href=\"https:\/\/cncexpert.eu\/hr\/dienstleistung\/cnc-tokarenje\/\">CNC tokarenje<\/a><\/h3> \n\t\t\t\t\t<div class=\"tstk-service-icon-wrapper\">\t\n\t\t\t\t\t\t<i class=\"tstk-industrey-icon tstk-industrey-icon-drilling-rig\"><\/i>\t\t\t\t\t<\/div>\n\t\t\t\t<\/div>\n\t\t\t\t\t\t\t\t<div class=\"tstk-service-content\"><p>Tokareni dijelovi savr\u0161ene kvalitete za na\u0161e kupce. Provjera kvalitete i materijala..<\/p>\n<\/div>\n\t\t\t\t \n\t\t\t\t<div class=\"tstk-service-btn\"> \n\t\t\t\t<a class=\"btn-arrow\" href=\"https:\/\/cncexpert.eu\/hr\/dienstleistung\/cnc-tokarenje\/\"><span>Weiter lesen<\/span><\/a>\n\t\t\t\t<\/div>\n\t\t\t<\/div>\n\t\t<\/div>\n\t<\/div><\/article>\r\n\t\t\t<\/div> <!-- .tstk-element-posts-wrapper -->\r\n\r\n\t\t\t\r\n\t\t\t\r\n\t\t\t\r\n\t\t\r\n\t\t\r\n\t\t<\/div><!-- .themestek-element-inner -->   <\/div><!-- .themestek-element -->  \r\n\t    \t\t\t\t<\/div>\n\t\t\t\t<\/div>\n\t\t\t\t\t<\/div>\n\t\t<\/div>\n\t\t\t\t\t<\/div>\n\t\t<\/div>\n\t\t\t\t<\/div>","protected":false},"excerpt":{"rendered":"<p>{&#8222;cpt&#8220;:&#8220;service&#8220;,&#8220;style&#8220;:&#8220;1&#8243;,&#8220;columns&#8220;:&#8220;3&#8243;,&#8220;show&#8220;:9,&#8220;order&#8220;:&#8220;DESC&#8220;,&#8220;orderby&#8220;:&#8220;DESC&#8220;} Mechanical Constructions We serve our clients top level of trusted advisor for their business &amp; marketing progress. Read More Product Design &#038; Manufacture We serve our clients top level of trusted advisor for their business &amp; marketing progress. Read More Research and Manufacture We serve our clients top level of trusted advisor for their business &amp; marketing progress. Read More Petroleum &#038; Gas Engineering We serve our clients top[&hellip;]<\/p>","protected":false},"author":1,"featured_media":0,"parent":0,"menu_order":8,"comment_status":"closed","ping_status":"closed","template":"","meta":{"_acf_changed":false,"_monsterinsights_skip_tracking":false,"_monsterinsights_sitenote_active":false,"_monsterinsights_sitenote_note":"","_monsterinsights_sitenote_category":0,"footnotes":""},"class_list":["post-55","page","type-page","status-publish","hentry"],"acf":[],"_links":{"self":[{"href":"https:\/\/cncexpert.eu\/hr\/wp-json\/wp\/v2\/pages\/55","targetHints":{"allow":["GET"]}}],"collection":[{"href":"https:\/\/cncexpert.eu\/hr\/wp-json\/wp\/v2\/pages"}],"about":[{"href":"https:\/\/cncexpert.eu\/hr\/wp-json\/wp\/v2\/types\/page"}],"author":[{"embeddable":true,"href":"https:\/\/cncexpert.eu\/hr\/wp-json\/wp\/v2\/users\/1"}],"replies":[{"embeddable":true,"href":"https:\/\/cncexpert.eu\/hr\/wp-json\/wp\/v2\/comments?post=55"}],"version-history":[{"count":1,"href":"https:\/\/cncexpert.eu\/hr\/wp-json\/wp\/v2\/pages\/55\/revisions"}],"predecessor-version":[{"id":362,"href":"https:\/\/cncexpert.eu\/hr\/wp-json\/wp\/v2\/pages\/55\/revisions\/362"}],"wp:attachment":[{"href":"https:\/\/cncexpert.eu\/hr\/wp-json\/wp\/v2\/media?parent=55"}],"curies":[{"name":"wp","href":"https:\/\/api.w.org\/{rel}","templated":true}]}}