{"id":582,"date":"2023-08-18T20:38:04","date_gmt":"2023-08-18T20:38:04","guid":{"rendered":"https:\/\/cncexpert.eu\/?page_id=582"},"modified":"2025-06-25T16:39:11","modified_gmt":"2025-06-25T16:39:11","slug":"kanban","status":"publish","type":"page","link":"https:\/\/cncexpert.eu\/hr\/kanban\/","title":{"rendered":"Kanban"},"content":{"rendered":"<div data-elementor-type=\"wp-page\" data-elementor-id=\"582\" class=\"elementor elementor-582\" data-elementor-post-type=\"page\">\n\t\t\t\t\t\t<section class=\"elementor-section elementor-top-section elementor-element elementor-element-4047935 tstk-col-stretched-none tstk-bg-color-over-image elementor-section-boxed elementor-section-height-default elementor-section-height-default\" data-id=\"4047935\" data-element_type=\"section\">\n\t\t\t\t\t\t<div class=\"elementor-container elementor-column-gap-default\">\n\t\t\t\t\t<div class=\"elementor-column elementor-col-100 elementor-top-column elementor-element elementor-element-1687210 tstk-bg-color-over-image\" data-id=\"1687210\" data-element_type=\"column\">\n\t\t\t<div class=\"elementor-widget-wrap elementor-element-populated\">\n\t\t\t\t\t\t<section class=\"elementor-section elementor-inner-section elementor-element elementor-element-c3e148f tstk-col-stretched-none tstk-bg-color-over-image elementor-section-boxed elementor-section-height-default elementor-section-height-default\" data-id=\"c3e148f\" data-element_type=\"section\">\n\t\t\t\t\t\t<div class=\"elementor-container elementor-column-gap-no\">\n\t\t\t\t\t<div class=\"elementor-column elementor-col-100 elementor-inner-column elementor-element elementor-element-91f6027 tstk-bg-color-over-image\" data-id=\"91f6027\" data-element_type=\"column\">\n\t\t\t<div class=\"elementor-widget-wrap elementor-element-populated\">\n\t\t\t\t\t\t<div class=\"elementor-element elementor-element-71cf264 tstk-align-left elementor-widget elementor-widget-tstk_custom_heading\" data-id=\"71cf264\" data-element_type=\"widget\" data-widget_type=\"tstk_custom_heading.default\">\n\t\t\t\t<div class=\"elementor-widget-container\">\n\t\t\t\t\t\t<div class=\"tstk-custom-heading left-align\"><h1 class=\"tstk-element-title\">\r\n\t\t\t\r\n\t\t\t\tKanban sustav - Va\u0161e besplatno skladi\u0161te\r\n\t\t\t\r\n\t\t\t<\/h1>\r\n\t\t<\/div>\t\t\t\t<\/div>\n\t\t\t\t<\/div>\n\t\t\t\t<div class=\"elementor-element elementor-element-0ae0b3d elementor-widget elementor-widget-text-editor\" data-id=\"0ae0b3d\" data-element_type=\"widget\" data-widget_type=\"text-editor.default\">\n\t\t\t\t<div class=\"elementor-widget-container\">\n\t\t\t\t\t\t\t\t\t<figure id=\"attachment_577\" aria-describedby=\"caption-attachment-577\" style=\"width: 300px\" class=\"wp-caption alignright\"><img fetchpriority=\"high\" decoding=\"async\" class=\"size-medium wp-image-577\" src=\"http:\/\/cncexpert.eu\/wp-content\/uploads\/2023\/08\/lager-2-300x200.jpg\" alt=\"\" width=\"300\" height=\"200\" srcset=\"https:\/\/cncexpert.eu\/wp-content\/uploads\/2023\/08\/lager-2-300x200.jpg 300w, https:\/\/cncexpert.eu\/wp-content\/uploads\/2023\/08\/lager-2.jpg 612w\" sizes=\"(max-width: 300px) 100vw, 300px\" \/><figcaption id=\"caption-attachment-577\" class=\"wp-caption-text\">Ein Lagerist mit einem Scanner in der Hand, die Waren in Kisten im Lager \u00fcberpr\u00fcft.<\/figcaption><\/figure><p>Na\u0161e inovativno rje\u0161enje osmi\u0161ljeno je kako bi bez napora zadovoljilo va\u0161e potrebe za CNC proizvodnjom sljede\u0107e dvije godine. Uz na\u0161u jedinstvenu kombinaciju visokoprecizne proizvodnje, besplatnog skladi\u0161tenja i fleksibilnog pla\u0107anja, nudimo vam nenadma\u0161nu prednost.<\/p><p><strong>Va\u0161e prednosti na prvi pogled:<\/strong><\/p><ol><li><p><strong>Besplatna pohrana:<\/strong> Nema vi\u0161e brige o tro\u0161kovima skladi\u0161tenja. Preuzimamo skladi\u0161tenje Va\u0161ih CNC dijelova za cijelo ugovorno razdoblje od dvije godine - potpuno besplatno!<\/p><\/li><li><p><strong>Okvirni nalog za stabilnost:<\/strong> S na\u0161im okvirnim narud\u017ebama imate sigurnost u neometanu opskrbu CNC dijelovima tijekom cijelog razdoblja. Tako da se mo\u017eete koncentrirati na svoju osnovnu djelatnost bez brige o prekidima.<\/p><\/li><li><p><strong>Pla\u0107anje nakon poziva:<\/strong> Va\u0161e planiranje likvidnosti je na prvom mjestu. Stoga pla\u0107ate samo kada preuzmete i koristite CNC dijelove. To vam daje maksimalnu financijsku fleksibilnost.<\/p><\/li><\/ol><p>Na\u0161 cilj je optimizirati va\u0161e proizvodne procese, a istovremeno vam dati potpunu kontrolu nad va\u0161im tro\u0161kovima. Ne propustite priliku iskoristiti ovu revolucionarnu ponudu.<\/p><p>Kontaktirajte nas danas kako biste saznali vi\u0161e ili razgovarali o prilagodbi prema va\u0161im zahtjevima.<\/p><p>Zajedno \u0107emo pokrenuti budu\u0107nost va\u0161e ponude CNC dijelova!<\/p>\t\t\t\t\t\t\t\t<\/div>\n\t\t\t\t<\/div>\n\t\t\t\t\t<\/div>\n\t\t<\/div>\n\t\t\t\t\t<\/div>\n\t\t<\/section>\n\t\t\t\t\t<\/div>\n\t\t<\/div>\n\t\t\t\t\t<\/div>\n\t\t<\/section>\n\t\t\t\t<section class=\"elementor-section elementor-top-section elementor-element elementor-element-6fdb447 tstk-col-stretched-none tstk-bg-color-over-image elementor-section-boxed elementor-section-height-default elementor-section-height-default\" data-id=\"6fdb447\" data-element_type=\"section\">\n\t\t\t\t\t\t<div class=\"elementor-container elementor-column-gap-default\">\n\t\t\t\t\t<div class=\"elementor-column elementor-col-100 elementor-top-column elementor-element elementor-element-78a4ccb tstk-bg-color-over-image\" data-id=\"78a4ccb\" data-element_type=\"column\">\n\t\t\t<div class=\"elementor-widget-wrap elementor-element-populated\">\n\t\t\t\t\t\t<div class=\"elementor-element elementor-element-dd09492 elementor-widget elementor-widget-video\" data-id=\"dd09492\" data-element_type=\"widget\" data-settings=\"{&quot;youtube_url&quot;:&quot;https:\\\/\\\/youtu.be\\\/oqXEdgXC6-8&quot;,&quot;video_type&quot;:&quot;youtube&quot;,&quot;controls&quot;:&quot;yes&quot;}\" data-widget_type=\"video.default\">\n\t\t\t\t<div class=\"elementor-widget-container\">\n\t\t\t\t\t\t\t<div class=\"elementor-wrapper elementor-open-inline\">\n\t\t\t<div class=\"elementor-video\"><\/div>\t\t<\/div>\n\t\t\t\t\t\t<\/div>\n\t\t\t\t<\/div>\n\t\t\t\t\t<\/div>\n\t\t<\/div>\n\t\t\t\t\t<\/div>\n\t\t<\/section>\n\t\t\t\t<\/div>","protected":false},"excerpt":{"rendered":"<p>Kanban System &#8211; Ihr kostenloses Lager Unsere innovative L\u00f6sung wurde entwickelt, um Ihre CNC-Fertigungsanforderungen f\u00fcr die n\u00e4chsten zwei Jahre m\u00fchelos zu bew\u00e4ltigen. Mit unserer einzigartigen Kombination aus hochpr\u00e4ziser Fertigung, kostenloser Lagerung und flexibler Zahlung bieten wir Ihnen einen unschlagbaren Vorteil. Ihre Vorteile im \u00dcberblick: Kostenlose Lagerung: Keine Sorge mehr wegen Lagerkosten. Wir \u00fcbernehmen die Lagerung Ihrer CNC-Teile f\u00fcr die gesamte Vertragslaufzeit von zwei Jahren &#8211; v\u00f6llig kostenlos! Rahmenauftr\u00e4ge f\u00fcr Stabilit\u00e4t:[&hellip;]<\/p>","protected":false},"author":1,"featured_media":0,"parent":0,"menu_order":0,"comment_status":"closed","ping_status":"closed","template":"elementor_header_footer","meta":{"_acf_changed":false,"_monsterinsights_skip_tracking":false,"_monsterinsights_sitenote_active":false,"_monsterinsights_sitenote_note":"","_monsterinsights_sitenote_category":0,"footnotes":""},"class_list":["post-582","page","type-page","status-publish","hentry"],"acf":[],"_links":{"self":[{"href":"https:\/\/cncexpert.eu\/hr\/wp-json\/wp\/v2\/pages\/582","targetHints":{"allow":["GET"]}}],"collection":[{"href":"https:\/\/cncexpert.eu\/hr\/wp-json\/wp\/v2\/pages"}],"about":[{"href":"https:\/\/cncexpert.eu\/hr\/wp-json\/wp\/v2\/types\/page"}],"author":[{"embeddable":true,"href":"https:\/\/cncexpert.eu\/hr\/wp-json\/wp\/v2\/users\/1"}],"replies":[{"embeddable":true,"href":"https:\/\/cncexpert.eu\/hr\/wp-json\/wp\/v2\/comments?post=582"}],"version-history":[{"count":55,"href":"https:\/\/cncexpert.eu\/hr\/wp-json\/wp\/v2\/pages\/582\/revisions"}],"predecessor-version":[{"id":994,"href":"https:\/\/cncexpert.eu\/hr\/wp-json\/wp\/v2\/pages\/582\/revisions\/994"}],"wp:attachment":[{"href":"https:\/\/cncexpert.eu\/hr\/wp-json\/wp\/v2\/media?parent=582"}],"curies":[{"name":"wp","href":"https:\/\/api.w.org\/{rel}","templated":true}]}}