{"id":65,"date":"2020-05-30T03:47:46","date_gmt":"2020-05-30T03:47:46","guid":{"rendered":"http:\/\/industrey-demo.pbminfotech.com\/demo1\/?page_id=12661"},"modified":"2023-08-21T17:01:34","modified_gmt":"2023-08-21T17:01:34","slug":"ueber-uns","status":"publish","type":"page","link":"https:\/\/cncexpert.eu\/hr\/o-nama\/","title":{"rendered":"O nama"},"content":{"rendered":"<div data-elementor-type=\"wp-page\" data-elementor-id=\"65\" class=\"elementor elementor-65\" data-elementor-post-type=\"page\">\n\t\t\t\t\t\t<section class=\"elementor-section elementor-top-section elementor-element elementor-element-250835d elementor-section-content-middle tstk-col-stretched-none tstk-bg-color-over-image elementor-section-boxed elementor-section-height-default elementor-section-height-default\" data-id=\"250835d\" data-element_type=\"section\">\n\t\t\t\t\t\t<div class=\"elementor-container elementor-column-gap-no\">\n\t\t\t\t\t<div class=\"elementor-column elementor-col-50 elementor-top-column elementor-element elementor-element-38d4a15 tstk-bg-color-over-image\" data-id=\"38d4a15\" data-element_type=\"column\">\n\t\t\t<div class=\"elementor-widget-wrap elementor-element-populated\">\n\t\t\t\t\t\t<div class=\"elementor-element elementor-element-4cf846b tstk-img-effect-01 elementor-widget elementor-widget-image\" data-id=\"4cf846b\" data-element_type=\"widget\" data-widget_type=\"image.default\">\n\t\t\t\t<div class=\"elementor-widget-container\">\n\t\t\t\t\t\t\t\t\t\t\t\t\t\t\t<img fetchpriority=\"high\" decoding=\"async\" width=\"1920\" height=\"2560\" src=\"https:\/\/cncexpert.eu\/wp-content\/uploads\/2023\/08\/IMG_20230814_102609-scaled.jpg\" class=\"attachment-full size-full wp-image-398\" alt=\"IMG 20230814 102609 scaled\" srcset=\"https:\/\/cncexpert.eu\/wp-content\/uploads\/2023\/08\/IMG_20230814_102609-scaled.jpg 1920w, https:\/\/cncexpert.eu\/wp-content\/uploads\/2023\/08\/IMG_20230814_102609-225x300.jpg 225w, https:\/\/cncexpert.eu\/wp-content\/uploads\/2023\/08\/IMG_20230814_102609-768x1024.jpg 768w, https:\/\/cncexpert.eu\/wp-content\/uploads\/2023\/08\/IMG_20230814_102609-1152x1536.jpg 1152w, https:\/\/cncexpert.eu\/wp-content\/uploads\/2023\/08\/IMG_20230814_102609-1536x2048.jpg 1536w, https:\/\/cncexpert.eu\/wp-content\/uploads\/2023\/08\/IMG_20230814_102609-600x800.jpg 600w, https:\/\/cncexpert.eu\/wp-content\/uploads\/2023\/08\/IMG_20230814_102609-770x1027.jpg 770w\" sizes=\"(max-width: 1920px) 100vw, 1920px\" \/>\t\t\t\t\t\t\t\t\t\t\t\t\t\t\t<\/div>\n\t\t\t\t<\/div>\n\t\t\t\t\t<\/div>\n\t\t<\/div>\n\t\t\t\t<div class=\"elementor-column elementor-col-50 elementor-top-column elementor-element elementor-element-a7fd3fe tstk-bg-color-over-image\" data-id=\"a7fd3fe\" data-element_type=\"column\">\n\t\t\t<div class=\"elementor-widget-wrap elementor-element-populated\">\n\t\t\t\t\t\t<div class=\"elementor-element elementor-element-c7298c8 tstk-align-left elementor-widget elementor-widget-tstk_heading\" data-id=\"c7298c8\" data-element_type=\"widget\" data-widget_type=\"tstk_heading.default\">\n\t\t\t\t<div class=\"elementor-widget-container\">\n\t\t\t\t\t\t<div class=\"tstk-heading-subheading left-align tstk-reverse-heading-yes\"><h4 class=\"tstk-element-subtitle\">\r\n\t\t\t\r\n\t\t\t\tO na\u0161im uslugama\r\n\t\t\t\r\n\t\t\t<\/h4>\r\n\t\t<h2 class=\"tstk-element-title\">\r\n\t\t\t\r\n\t\t\t\tImamo najve\u0107u mre\u017eu dobavlja\u010da u Hrvatskoj\r\n\t\t\t\r\n\t\t\t<\/h2>\r\n\t\t<\/div>\t\t\t\t<\/div>\n\t\t\t\t<\/div>\n\t\t\t\t<div class=\"elementor-element elementor-element-cfd51a0 tstk-align-left elementor-widget elementor-widget-tstk_multiple_icon_heading\" data-id=\"cfd51a0\" data-element_type=\"widget\" data-widget_type=\"tstk_multiple_icon_heading.default\">\n\t\t\t\t<div class=\"elementor-widget-container\">\n\t\t\t\t\t<div class=\"themestek-element themestek-element-miconheading tstk-element-miconheading-style-13 themestek-element-viewtype-row-column tstk-infinite-scroll-no tstk-infinite-scroll-button-no\" data-cpt=\"miconheading\" data-totalpagination=\"1\" data-style=\"13\" data-show=\"3\" data-columns=\"1\" data-loop=\"false\" data-autoplay=\"false\" data-center=\"false\" data-nav=\"false\" data-dots=\"false\" data-autoplayspeed=\"1000\" data-lasthalf=\"false\" data-margin=\"\"><div class=\"themestek-element-inner\">\r\n\t\t<div class=\"tstk-ele-header-area\">\r\n\t\t\t\t<div class=\"tstk-heading-subheading left-align tstk-reverse-heading-yes\"><\/div>\t\t<\/div>\r\n\r\n\t\t<div class=\"tstk-element-posts-wrapper row multi-columns-row\">\r\n\r\n\t\t<article class=\"tstk-ele tstk-ele-miconheading tstk-miconheading-style-13 col-md-12\"><div class=\"tstk-ihbox tstk-ihbox-style-13\"><div class=\"tstk-ihbox-box d-flex align-items-start\">\r\n\t<div class=\"tstk-ihbox-icon\"><div class=\"tstk-ihbox-icon-wrapper\"><i class=\"tstk-industrey-icon tstk-industrey-icon-medal\"><\/i><\/div><\/div>\t\r\n\t<div class=\"tstk-ihbox-contents\">\t\r\n\t\t<h2 class=\"tstk-element-title\">\r\n\t\t\t\t\r\n\t\t\t\t\tDobivate najbolju kvalitetu\r\n\t\t\t\t\r\n\t\t\t\t<\/h2>\r\n\t\t\t\t\r\n\t\t\t\t<div class=\"tstk-heading-desc\">Na\u0161 glavni prioritet je uvijek ponuditi najbolju kvalitetu. Svaki proizvod, usluga i iskustvo koje podijelite s nama pomno su osmi\u0161ljeni kako bi zadovoljili najvi\u0161e standarde.<\/div>\t\t\t<\/div><!-- .tstk-ihbox-contents -->\r\n<\/div><\/div><\/article><article class=\"tstk-ele tstk-ele-miconheading tstk-miconheading-style-13 col-md-12\"><div class=\"tstk-ihbox tstk-ihbox-style-13\"><div class=\"tstk-ihbox-box d-flex align-items-start\">\r\n\t<div class=\"tstk-ihbox-icon\"><div class=\"tstk-ihbox-icon-wrapper\"><i class=\"tstk-industrey-icon tstk-industrey-icon-certificate\"><\/i><\/div><\/div>\t\r\n\t<div class=\"tstk-ihbox-contents\">\t\r\n\t\t<h2 class=\"tstk-element-title\">\r\n\t\t\t\t\r\n\t\t\t\t\tJam\u010dimo po\u0161tivanje svih dogovorenih rokova\r\n\t\t\t\t\r\n\t\t\t\t<\/h2>\r\n\t\t\t\t\r\n\t\t\t\t<div class=\"tstk-heading-desc\">Zala\u017eemo se za pouzdano pridr\u017eavanje svih dogovorenih rokova. Ova obveza karakterizira na\u0161e djelovanje i sastavni je dio na\u0161e usluge. <\/div>\t\t\t<\/div><!-- .tstk-ihbox-contents -->\r\n<\/div><\/div><\/article><article class=\"tstk-ele tstk-ele-miconheading tstk-miconheading-style-13 col-md-12\"><div class=\"tstk-ihbox tstk-ihbox-style-13\"><div class=\"tstk-ihbox-box d-flex align-items-start\">\r\n\t<div class=\"tstk-ihbox-icon\"><div class=\"tstk-ihbox-icon-wrapper\"><i class=\"tstk-industrey-icon tstk-industrey-icon-saw\"><\/i><\/div><\/div>\t\r\n\t<div class=\"tstk-ihbox-contents\">\t\r\n\t\t<h2 class=\"tstk-element-title\">\r\n\t\t\t\t\r\n\t\t\t\t\tKapacitet je uvijek dostupan za na\u0161e kupce\r\n\t\t\t\t\r\n\t\t\t\t<\/h2>\r\n\t\t\t\t\r\n\t\t\t\t<div class=\"tstk-heading-desc\">Osiguravamo da na\u0161i kupci u svakom trenutku imaju raspolo\u017eive kapacitete. Na\u0161a je obveza osigurati stalnu dostupnost kako bismo zadovoljili potrebe na\u0161ih kupaca. <\/div>\t\t\t<\/div><!-- .tstk-ihbox-contents -->\r\n<\/div><\/div><\/article>\r\n\t\t<\/div>\r\n\r\n\t\t<\/div><!-- .themestek-element-inner -->   <\/div><!-- .themestek-element -->  \t\t\t\t<\/div>\n\t\t\t\t<\/div>\n\t\t\t\t\t<\/div>\n\t\t<\/div>\n\t\t\t\t\t<\/div>\n\t\t<\/section>\n\t\t\t\t<section class=\"elementor-section elementor-top-section elementor-element elementor-element-fdcf5d2 tstk-col-stretched-none tstk-bg-color-over-image elementor-section-boxed elementor-section-height-default elementor-section-height-default\" data-id=\"fdcf5d2\" data-element_type=\"section\">\n\t\t\t\t\t\t<div class=\"elementor-container elementor-column-gap-default\">\n\t\t\t\t\t<div class=\"elementor-column elementor-col-100 elementor-top-column elementor-element elementor-element-378b66a tstk-bg-color-over-image\" data-id=\"378b66a\" data-element_type=\"column\">\n\t\t\t<div class=\"elementor-widget-wrap elementor-element-populated\">\n\t\t\t\t\t\t<div class=\"elementor-element elementor-element-374aa8d tstk-align-left elementor-widget elementor-widget-tstk_multiple_icon_heading\" data-id=\"374aa8d\" data-element_type=\"widget\" data-widget_type=\"tstk_multiple_icon_heading.default\">\n\t\t\t\t<div class=\"elementor-widget-container\">\n\t\t\t\t\t<div class=\"themestek-element themestek-element-miconheading tstk-element-miconheading-style-14 themestek-element-viewtype-row-column tstk-infinite-scroll-no tstk-infinite-scroll-button-no\" data-cpt=\"miconheading\" data-totalpagination=\"1\" data-style=\"14\" data-show=\"3\" data-columns=\"1\" data-loop=\"false\" data-autoplay=\"false\" data-center=\"false\" data-nav=\"false\" data-dots=\"false\" data-autoplayspeed=\"1000\" data-lasthalf=\"false\" data-margin=\"\"><div class=\"themestek-element-inner\">\r\n\t\t<div class=\"tstk-ele-header-area\">\r\n\t\t\t\t<div class=\"tstk-heading-subheading left-align tstk-reverse-heading-yes\"><\/div>\t\t<\/div>\r\n\r\n\t\t<div class=\"tstk-element-posts-wrapper row multi-columns-row\">\r\n\r\n\t\t<article class=\"tstk-ele tstk-ele-miconheading tstk-miconheading-style-14 col-md-12\"><div class=\"tstk-ihbox tstk-ihbox-style-14\"><div class=\"tstk-ihbox-box\">\r\n\t<div class=\"tstk-ihbox-headingicon\">\r\n\t\t<div class=\"tstk-ihbox-icon\"><div class=\"tstk-ihbox-icon-wrapper\"><i class=\"\"><\/i><\/div><\/div>\t\t\t\t<\/div>\r\n\t\t<div class=\"tstk-ihbox-contents\">\r\n\t\t\t\t\t\t<h2 class=\"tstk-element-title\">\r\n\t\t\t\t\r\n\t\t\t\t\tNa\u0161 tim karakterizira profesionalna stru\u010dnost i veliko iskustvo\r\n\t\t\t\t\r\n\t\t\t\t<\/h2>\r\n\t\t\t\t\t\t\r\n\t\t\t<div class=\"tstk-heading-desc\">Uz bogatu profesionalnu stru\u010dnost i opse\u017eno iskustvo, na\u0161 tim \u010dini temelj na\u0161e predanosti. Svaki \u010dlan tima donosi jedinstvene vje\u0161tine i dugogodi\u0161nje prakti\u010dno iskustvo u svoje podru\u010dje odgovornosti. Ova koncentrirana kompetencija omogu\u0107uje nam da vam ponudimo prvoklasna rje\u0161enja i usluge. Ponosimo se time \u0161to imamo tim predanih stru\u010dnjaka koji se neprestano razvijaju kako bi zadovoljili sve ve\u0107e potrebe.\n<\/div>\t\t\t\t\t<\/div><!-- .tstk-ihbox-contents -->\r\n<\/div>\r\n<\/div><\/article>\r\n\t\t<\/div>\r\n\r\n\t\t<\/div><!-- .themestek-element-inner -->   <\/div><!-- .themestek-element -->  \t\t\t\t<\/div>\n\t\t\t\t<\/div>\n\t\t\t\t\t<\/div>\n\t\t<\/div>\n\t\t\t\t\t<\/div>\n\t\t<\/section>\n\t\t\t\t<\/div>","protected":false},"excerpt":{"rendered":"<p>\u00dcber unsere Dienstleistungen Wir haben das gr\u00f6\u00dfte Lieferanten Netzwerk in Kroatien Sie erhalten die beste Qualit\u00e4t Unsere oberste Priorit\u00e4t ist es, Ihnen stets die beste Qualit\u00e4t zu bieten. Jedes Produkt, jeder Service und jede Erfahrung, die Sie mit uns teilen, ist sorgf\u00e4ltig darauf ausgerichtet, h\u00f6chsten Anspr\u00fcchen gerecht zu werden. Wir garantieren die Einhaltung aller vereinbarten Termine Wir stehen f\u00fcr die verl\u00e4ssliche Einhaltung s\u00e4mtlicher vereinbarter Termine. Diese Verpflichtung pr\u00e4gt unser Handeln[&hellip;]<\/p>","protected":false},"author":1,"featured_media":0,"parent":0,"menu_order":3,"comment_status":"closed","ping_status":"closed","template":"elementor_header_footer","meta":{"_acf_changed":false,"_monsterinsights_skip_tracking":false,"_monsterinsights_sitenote_active":false,"_monsterinsights_sitenote_note":"","_monsterinsights_sitenote_category":0,"footnotes":""},"class_list":["post-65","page","type-page","status-publish","hentry"],"acf":[],"_links":{"self":[{"href":"https:\/\/cncexpert.eu\/hr\/wp-json\/wp\/v2\/pages\/65","targetHints":{"allow":["GET"]}}],"collection":[{"href":"https:\/\/cncexpert.eu\/hr\/wp-json\/wp\/v2\/pages"}],"about":[{"href":"https:\/\/cncexpert.eu\/hr\/wp-json\/wp\/v2\/types\/page"}],"author":[{"embeddable":true,"href":"https:\/\/cncexpert.eu\/hr\/wp-json\/wp\/v2\/users\/1"}],"replies":[{"embeddable":true,"href":"https:\/\/cncexpert.eu\/hr\/wp-json\/wp\/v2\/comments?post=65"}],"version-history":[{"count":24,"href":"https:\/\/cncexpert.eu\/hr\/wp-json\/wp\/v2\/pages\/65\/revisions"}],"predecessor-version":[{"id":870,"href":"https:\/\/cncexpert.eu\/hr\/wp-json\/wp\/v2\/pages\/65\/revisions\/870"}],"wp:attachment":[{"href":"https:\/\/cncexpert.eu\/hr\/wp-json\/wp\/v2\/media?parent=65"}],"curies":[{"name":"wp","href":"https:\/\/api.w.org\/{rel}","templated":true}]}}